{"id":10842,"date":"2024-10-06T13:01:56","date_gmt":"2024-10-06T11:01:56","guid":{"rendered":"https:\/\/zermattholidays-pre-release.simpleitsolutions.ch\/?page_id=10842"},"modified":"2024-12-03T22:04:51","modified_gmt":"2024-12-03T21:04:51","slug":"impressum","status":"publish","type":"page","link":"https:\/\/zermattholidays-pre-release.simpleitsolutions.ch\/de\/impressum\/","title":{"rendered":"Impressum"},"content":{"rendered":"<h1><strong>Impressum<\/strong><\/h1>\n<p><strong>Zermatt Holidays Groenenboom GmbH<\/strong><br \/>\nHaus Dent Blanche<br \/>\nHinterdorfstrasse 76<br \/>\n3920 Zermatt<br \/>\nSchweiz<\/p>\n<p>Vertreten durch:<br \/>\n<strong>Cor Groenenboom<\/strong> (Gesch\u00e4ftsf\u00fchrer)<\/p>\n<p>Kontakt:<br \/>\nE-Mail: <a rel=\"noopener\">info@zermattholidays.com<\/a><\/p>\n<p>Handelsregistereintrag:<br \/>\nEingetragen im Handelsregister des Kantons Wallis<br \/>\nHandelsregisteramt Oberwallis<\/p>\n<p>Unternehmens-Identifikationsnummer (UID): CHE-469.912.367<br \/>\nCH-ID: CH-600-4016150-2<br \/>\nEHRA-ID: 1219427<\/p>\n<p>Haftungsausschluss:<br \/>\nTrotz sorgf\u00e4ltiger inhaltlicher Kontrolle \u00fcbernehmen wir keine Haftung f\u00fcr die Inhalte externer Links. F\u00fcr den Inhalt der verlinkten Seiten sind ausschlie\u00dflich deren Betreiber verantwortlich.<\/p>\n<p>Concept and Design<br \/>\n<a href=\"http:\/\/simple-onlinemarketing.com\">Simple-onlinemarketing.com<\/a><\/p>\n<p>Website Implementation<br \/>\n<a href=\"https:\/\/simpleitsolutions.ch\">simpleitsolutions.ch<\/a><\/p>\n","protected":false},"excerpt":{"rendered":"<p>Impressum Zermatt Holidays Groenenboom GmbH Haus Dent Blanche Hinterdorfstrasse 76 3920 Zermatt Schweiz Vertreten durch: Cor Groenenboom (Gesch\u00e4ftsf\u00fchrer) Kontakt: E-Mail:<\/p>\n","protected":false},"author":3,"featured_media":0,"parent":0,"menu_order":0,"comment_status":"closed","ping_status":"closed","template":"","meta":{"_acf_changed":false,"inline_featured_image":false,"_sitemap_exclude":false,"_sitemap_priority":"","_sitemap_frequency":"","footnotes":""},"class_list":["post-10842","page","type-page","status-publish","hentry"],"acf":[],"_links":{"self":[{"href":"https:\/\/zermattholidays-pre-release.simpleitsolutions.ch\/de\/wp-json\/wp\/v2\/pages\/10842","targetHints":{"allow":["GET"]}}],"collection":[{"href":"https:\/\/zermattholidays-pre-release.simpleitsolutions.ch\/de\/wp-json\/wp\/v2\/pages"}],"about":[{"href":"https:\/\/zermattholidays-pre-release.simpleitsolutions.ch\/de\/wp-json\/wp\/v2\/types\/page"}],"author":[{"embeddable":true,"href":"https:\/\/zermattholidays-pre-release.simpleitsolutions.ch\/de\/wp-json\/wp\/v2\/users\/3"}],"replies":[{"embeddable":true,"href":"https:\/\/zermattholidays-pre-release.simpleitsolutions.ch\/de\/wp-json\/wp\/v2\/comments?post=10842"}],"version-history":[{"count":2,"href":"https:\/\/zermattholidays-pre-release.simpleitsolutions.ch\/de\/wp-json\/wp\/v2\/pages\/10842\/revisions"}],"predecessor-version":[{"id":12338,"href":"https:\/\/zermattholidays-pre-release.simpleitsolutions.ch\/de\/wp-json\/wp\/v2\/pages\/10842\/revisions\/12338"}],"wp:attachment":[{"href":"https:\/\/zermattholidays-pre-release.simpleitsolutions.ch\/de\/wp-json\/wp\/v2\/media?parent=10842"}],"curies":[{"name":"wp","href":"https:\/\/api.w.org\/{rel}","templated":true}]}}