{"id":353,"date":"2022-10-30T16:23:00","date_gmt":"2022-10-30T15:23:00","guid":{"rendered":"https:\/\/zermattholidays-pre-release.simpleitsolutions.ch\/?page_id=353"},"modified":"2025-02-12T18:20:01","modified_gmt":"2025-02-12T17:20:01","slug":"geschaeftsbedingungen","status":"publish","type":"page","link":"https:\/\/zermattholidays-pre-release.simpleitsolutions.ch\/de\/geschaeftsbedingungen\/","title":{"rendered":"Gesch\u00e4ftsbedingungen"},"content":{"rendered":"<p>Zermatt Holidays Groenenboom GmbH (die Firma) handelt im Auftrag von dem Besitzer der Ferienwohnungen (der Besitzer des Eigentums) zweckm\u00e4ssig der Online finanziellen Buchung Transaktionen. Entsprechend, jeder gemachte Vertag, ist zwischen der Person, die die Buchung macht (Feriengast) und der Firma. Der Vertrag wird eingetragen von dem Feriengast und der Firma.<\/p>\n<p>Die Buchungen stehen nur zur Verf\u00fcgung in Beziehung zu der Unterkunft und beziehen sich nicht auf die Fl\u00fcge, Transport oder Transfer zu der Unterkunft. Entsprechend, jeder gemachte Vertag, ist zwischen der Person, die die Buchung macht (Feriengast) und der Firma. Der Vertag wird schriftlich auf eine Buchungsbest\u00e4tigung von der Ferien Firma f\u00fcr den Gast eingetragen. Die Firma bietet dem Feriengast genug Kontakt in der Zeit des Aufenthaltes in der Unterkunft.<\/p>\n<p>Zahlungsbedingungen: Um die Buchung zu sichern, muss man die Anzahlung von 30% in zehn Arbeitstagen nach dem Erhalt der Buchungsbest\u00e4tigung machen. Die restlichen 75% der Buchungsgeb\u00fchr muss man 56 Tage vor der Anreise einzahlen. F\u00fcr alle Buchungen, die weniger als 56 Tage vor der Anreise gemacht werden, muss man eine volle Einzahlung in 10 Tagen nach dem Erhalt der Buchungsbest\u00e4tigung machen.<\/p>\n<p>Buchungsstorno von Ihrer Seite: Jedes Buchungsstorno wird in Kraft getreten gleich nach dem Erhalt der schriftlichen Notiz, die die Firma von dem Gast erh\u00e4lt und wird r\u00fcckerstattet (falls erforderlich) wie unten in der Tabelle angegeben. Ein Einschreiben ist h\u00f6chst empfohlen.<\/p>\n<p>Die folgenden Stornierungsbedingungen gelten f\u00fcr alle Buchungen zwischen dem 9. Oktober 2021 und dem 31. Oktober 2023:<\/p>\n<p>Tage vor Anreise: % des vollen Buchungspreises erstattet:<br \/>\nMehr als 30 Tage 100%<br \/>\n30-14 Tage 50%<br \/>\n14-0 Tage 0%<\/p>\n<p>Wenn Sie Ihre Reservierung aus pers\u00f6nlichen Gr\u00fcnden innerhalb von 30 Tagen vor Ihrem Ankunftsdatum stornieren, k\u00f6nnen wir keine Stornierung ohne Kosten organisieren. Wir empfehlen unseren G\u00e4sten, eine angemessene Reiseversicherung abzuschliessen, damit Sie diese Geb\u00fchren gem\u00e4ss den Bestimmungen Ihrer Versicherungspolice zur\u00fcckfordern k\u00f6nnen. Zermatt Holidays kann auf Anfrage eine Reiseversicherung und die f\u00fcr Ihre Versicherung erforderlichen Unterlagen bereitstellen.<\/p>\n<p>Wenn Zermatt Holidays Ihre gemietete Wohnung weitervermieten kann, organisieren wir eine angemessene Gutschrift oder R\u00fcckerstattung f\u00fcr Sie.<\/p>\n<p>Wenn eine Stornierung Ihrer Reservierung bei Zermatt Holidays unvermeidbar ist, empfehlen wir Ihnen, Ihre Buchung zu verschieben und Zermatt Holidays in dieser Situation zu unterst\u00fctzen. Abh\u00e4ngig von dem Grund der K\u00fcndigung, wird es m\u00f6glich sein diese Kosten unter den Bedingungen Ihrer Versicherungspolice zur\u00fcckzufordern.<\/p>\n<p>COVID-19: Wir sind uns bewusst, dass sich die aktuelle COVID-19-Situation schnell \u00e4ndern kann. Daher machen wir eine Ausnahme, wenn Sie Ihre Reservierung in den folgenden Situationen innerhalb von 30 Tagen vor Ihrem Ankunftsdatum stornieren m\u00fcssen:<\/p>\n<p>1. Die Schweizer Grenze oder die Grenze Ihres Wohnsitzlandes ist aufgrund von COVID-19-Beschr\u00e4nkungen f\u00fcr die Ein- und \/ oder Ausreise gesperrt<\/p>\n<p>2. Die Schweizer Regierung hat bei Ihrer Ankunft in Zermatt eine Quarant\u00e4nepflicht erlassen<\/p>\n<p>3. Die Regierung Ihres Wohnsitzlandes hat bei der R\u00fcckkehr eine obligatorische Quarant\u00e4neanforderung erlassen, und Sie k\u00f6nnen diese Anforderungen aufgrund von Arbeitsverpflichtungen nicht einhalten<\/p>\n<p>4. Die Skilifte im Skigebiet Zermatt m\u00fcssen aufgrund neuer COVID-19-Beschr\u00e4nkungen geschlossen werden, nur g\u00fcltig bis zum 24.4.2022.<\/p>\n<p>In jeder dieser Situationen k\u00f6nnen wir eine Gutschrift f\u00fcr Ihren n\u00e4chsten Aufenthalt bei Zermatt Holidays oder eine vollst\u00e4ndige R\u00fcckerstattung Ihrer Mietgeb\u00fchr organisieren. In Bezug auf Punkt 3 ben\u00f6tigen wir eine Erkl\u00e4rung Ihres Arbeitgebers, dass Sie die Quarant\u00e4neanforderung aufgrund von Arbeitsverpflichtungen nicht einhalten k\u00f6nnen.<\/p>\n<p>Bitte beachten Sie, dass diese Optionen nur verf\u00fcgbar sind, wenn sich die COVID-19-Situation zum Zeitpunkt Ihrer Buchung vor Ihrer Ankunft ge\u00e4ndert hat.<\/p>\n<p>Bitte beachten Sie, dass Sie zum Zeitpunkt Ihrer Buchung den aktuellen COVID-19-Beschr\u00e4nkungen der Schweiz und des Wohnsitzlandes zustimmen<\/p>\n<p>Buchungsstorno von unserer Seite: in jedem Fall behalten wir das Recht, Ihren Aufenthalt vor dem Datum, dass Sie gebucht haben, zu stornieren. Dies ist extrem unwahrscheinlich, aber falls es dazu kommen sollte, werden Sie mit vollem Betrag verg\u00fctet. Falls es Ihnen nicht gelingt das Saldo der Buchungsgeb\u00fchr oder andere Kosten vor dem F\u00e4lligkeitstermin zu zahlen, behalten wir das Recht Ihre Buchung zu stornieren mit keine R\u00fcckerstattung.<\/p>\n<p>Ihre Verantwortung: Im Rahmen dieses Vertrages best\u00e4tigen Sie hiermit die Zahlung f\u00fcr alle kostenpflichtige Leistungen, verlangt von jedem von Ihrer Gruppe, zu garantieren. Ob solche Leistungen vorher verlangt wurden, in der Zwischenzeit Ihres Aufenthaltes oder nach Ihrem Aufenthalt. Es geh\u00f6rt zur Ihrer Pflicht, dass jeder Mitglied Ihrer Gruppe eine ad\u00e4quate Sicherung f\u00fcr Wintersportarten zur Verf\u00fcgung hat. Bitte gehen Sie mit dem Chalet und allen Eigentumen mit Sorgfalt und Respekt um. Wir sind berechtigt, alle Kosten f\u00fcr jeden Schaden verursacht durch einen Mitglied Ihrer Gruppe vor der Abreise aus dem Chalet, zu verlangen. Bitte sichern Sie, dass Ihre Versicherungspolice die Unfallsch\u00e4den des Chalets und seines Inhaltes, abdeckt. Ein inakzeptables Benehmen wird durch einen Abbruch Ihres Aufenthaltes bestraft, und wird in keinem Fall durch eine R\u00fcckerstattung f\u00fcr Ihren Aufenthalt, oder andere Kosten erstanden durch den Abbruch Ihres Aufenthaltes, beg\u00fcnstigt. Es ist Ihre Pflicht, uns alle Details Ihrer Allergien oder Intoleranz, unter deren eines der Mitglieder der Gruppe leidet, zu melden. Alle unsere Wohnungen sind nicht Raucher, und Tiere sind nur auf Anfrage erlaubt.<\/p>\n<p>Kaution: Vor Ihrer Anreise ist eine Kaution erforderlich. Sie k\u00f6nnen diese entweder per Bank\u00fcberweisung organisieren oder wir k\u00f6nnen den Betrag auf Ihre Kreditkarte blockieren. Diese Kaution ist f\u00fcr Sch\u00e4den, Bruch oder Verlust in Ihrer Unterkunft. Die Kaution wird sp\u00e4testens 7 Tage nach Ihrer Abreise zur\u00fcckerstattet.<\/p>\n<p>Unsere Verantwortung: Wir akzeptieren die Pflicht, jedes Material, welches zu der Buchung Ihres Aufenthaltes geh\u00f6rt, zu liefern, wie auf unserer Webseite aufgelistet. Wir akzeptieren die Haftung f\u00fcr jeglichen Verlust Ihres Aufenthaltes, durch einen von uns verursachten Schaden, und werden dies durch eine R\u00fcckerstattung (limitiert durch das Maximum der Rechnungskost Ihres Aufenthaltes) begleichen, Klausel 8.<\/p>\n<p>Preisgarantie: Nachdem Ihr Aufenthalt bei uns gebucht ist, ist der Preis, trotz jeglichen W\u00e4hrungsschwankungen, fix. Wir behalten uns jedoch das Recht vor, unsere Tarife jederzeit vor Ihrer Buchung, zu \u00e4ndern.<\/p>\n<p>Gesundheit, P\u00e4sse und Visa: Es liegt in Ihrer Verantwortung sicherzustellen, dass die Dokumente, bevor Sie anreisen, in Ordnung sind. Bitte beachten Sie, dass es eine l\u00e4ngere Zeit braucht, um gewisse Visas zu erhalten. Somit empfehlen wir Ihnen, das entsprechende Konsulat zweckm\u00e4ssig fr\u00fchestens zu kontaktieren.<\/p>\n<p>Jegliche Probleme: Falls Sie mit irgendeinem Aspekt Ihres Aufenthaltes nicht zufrieden sind, m\u00fcssen Sie dies an unsere Firma adressieren. Falls dies nicht am Ort gel\u00f6st werden kann, m\u00fcssen Sie uns eine Beschwerde in den n\u00e4chsten 28 Tagen, nach dem Sie aus Ihren Urlaub zur\u00fcck kommen, senden, damit die Schadenersatzanspr\u00fcche untersucht werden k\u00f6nnen.<\/p>\n<p>Zahlungen Ende der Woche: Auf Anfrage k\u00f6nnen wir Einkaufe f\u00fcr Sie vor und w\u00e4hrend Ihren Aufenthalt organisieren. Um uns dies zu erm\u00f6glichen, behalten wir das Recht die Kreditkartendetails zu verlangen. Bitte beachten Sie, dass man solche Einkaufe vor Ihrer Abreise aus der Ferienwohnung begleichen muss.<\/p>\n<p>Skifahren \/ Wintersport: Es steht in Ihrer Verantwortung, die Eignung jeder Area, in der Sie und Ihre Skigruppe Skifahrt, zu beurteilen. Falls Sie, oder ein Repr\u00e4sentant Ihrer Gruppe in einer Area, die von uns empfohlen wurde, oder gar mit einem Repr\u00e4sentant der Zermatt Holidays Skifahren geht, sind wir nicht f\u00fcr je f\u00e4llige Unf\u00e4lle verantwortlich<\/p>\n<p>Ferienwohnung Einrichtungen: G\u00e4ste benutzen Jacuzzi, Sauna, Dampfbad und alle andere Einrichtungen auf eigene Gefahr, und wir sind nicht verantwortlich f\u00fcr jegliche Unf\u00e4lle w\u00e4hrend der Benutzung. Kinder m\u00fcssen immer in Begleitung von Eltern sein, w\u00e4hrend sie die Wohnung und alle Einrichtungen der Wohnung benutzen. Nicht beschr\u00e4nkt auf Jacuzzi, Sauna und Dampfbad.<\/p>\n<p>Generelles: \u00dcberschriften in diesen Buchungsbedingungen dienen nur zu Referenzzwecken und alle Bilder \/ Grundrisse sollten nur einen allgemeinen Eindruck geben. Diese Buchungsbedingungen und alle Angelegenheiten, die ihnen unterliegen, werden ausschlie\u00dflich nach dem schweizerischem Recht und Zust\u00e4ndigkeit der schweizerischen Gerichte geregelt. Zu unserem Wissen waren alle Details, in der Zeit wo man dies gedruckt habe, richtig.<\/p>\n","protected":false},"excerpt":{"rendered":"<p>Zermatt Holidays Groenenboom GmbH (die Firma) handelt im Auftrag von dem Besitzer der Ferienwohnungen (der Besitzer des Eigentums) zweckm\u00e4ssig der<\/p>\n","protected":false},"author":1,"featured_media":0,"parent":0,"menu_order":0,"comment_status":"closed","ping_status":"closed","template":"templates\/template-simple-sections-page.php","meta":{"_acf_changed":false,"inline_featured_image":false,"_sitemap_exclude":false,"_sitemap_priority":"","_sitemap_frequency":"","footnotes":""},"class_list":["post-353","page","type-page","status-publish","hentry"],"acf":[],"_links":{"self":[{"href":"https:\/\/zermattholidays-pre-release.simpleitsolutions.ch\/de\/wp-json\/wp\/v2\/pages\/353","targetHints":{"allow":["GET"]}}],"collection":[{"href":"https:\/\/zermattholidays-pre-release.simpleitsolutions.ch\/de\/wp-json\/wp\/v2\/pages"}],"about":[{"href":"https:\/\/zermattholidays-pre-release.simpleitsolutions.ch\/de\/wp-json\/wp\/v2\/types\/page"}],"author":[{"embeddable":true,"href":"https:\/\/zermattholidays-pre-release.simpleitsolutions.ch\/de\/wp-json\/wp\/v2\/users\/1"}],"replies":[{"embeddable":true,"href":"https:\/\/zermattholidays-pre-release.simpleitsolutions.ch\/de\/wp-json\/wp\/v2\/comments?post=353"}],"version-history":[{"count":7,"href":"https:\/\/zermattholidays-pre-release.simpleitsolutions.ch\/de\/wp-json\/wp\/v2\/pages\/353\/revisions"}],"predecessor-version":[{"id":13552,"href":"https:\/\/zermattholidays-pre-release.simpleitsolutions.ch\/de\/wp-json\/wp\/v2\/pages\/353\/revisions\/13552"}],"wp:attachment":[{"href":"https:\/\/zermattholidays-pre-release.simpleitsolutions.ch\/de\/wp-json\/wp\/v2\/media?parent=353"}],"curies":[{"name":"wp","href":"https:\/\/api.w.org\/{rel}","templated":true}]}}