{"id":10849,"date":"2024-10-06T13:01:56","date_gmt":"2024-10-06T11:01:56","guid":{"rendered":"https:\/\/zermattholidays-pre-release.simpleitsolutions.ch\/?page_id=10849"},"modified":"2024-12-03T22:04:44","modified_gmt":"2024-12-03T21:04:44","slug":"mentions-legales","status":"publish","type":"page","link":"https:\/\/zermattholidays-pre-release.simpleitsolutions.ch\/fr\/mentions-legales\/","title":{"rendered":"Mentions l\u00e9gales"},"content":{"rendered":"<h1><strong>Mentions l\u00e9gales<\/strong><\/h1>\n<p><strong>Zermatt Holidays Groenenboom GmbH<\/strong><br \/>\nMaison Dent Blanche<br \/>\nHinterdorfstrasse 76<br \/>\n3920 Zermatt<br \/>\nSuisse<\/p>\n<p>Repr\u00e9sent\u00e9 par :<br \/>\n<strong>Cor Groenenboom<\/strong> (Directeur g\u00e9n\u00e9ral)<\/p>\n<p>Contact :<br \/>\nE-mail : <a rel=\"noopener\">info@zermattholidays.com<\/a><\/p>\n<p>Inscription au registre du commerce :<br \/>\nInscrit au registre du commerce du canton du Valais<br \/>\nRegistre du commerce Oberwallis<\/p>\n<p>Num\u00e9ro d&rsquo;identification de l&rsquo;entreprise (UID) : CHE-469.912.367<br \/>\nCH-ID : CH-600-4016150-2<br \/>\nEHRA-ID : 1219427<\/p>\n<p>&nbsp;<\/p>\n<p>Clause de non-responsabilit\u00e9 :<br \/>\nMalgr\u00e9 un contr\u00f4le rigoureux du contenu, nous d\u00e9clinons toute responsabilit\u00e9 quant au contenu des liens externes. Le contenu des pages li\u00e9es est sous la seule responsabilit\u00e9 de leurs exploitants.<\/p>\n<p>Concept and Design<br \/>\n<a href=\"http:\/\/simple-onlinemarketing.com\">Simple-onlinemarketing.com<\/a><\/p>\n<p>Website Implementation<br \/>\n<a href=\"https:\/\/simpleitsolutions.ch\">simpleitsolutions.ch<\/a><\/p>\n","protected":false},"excerpt":{"rendered":"<p>Mentions l\u00e9gales Zermatt Holidays Groenenboom GmbH Maison Dent Blanche Hinterdorfstrasse 76 3920 Zermatt Suisse Repr\u00e9sent\u00e9 par : Cor Groenenboom (Directeur<\/p>\n","protected":false},"author":3,"featured_media":0,"parent":0,"menu_order":0,"comment_status":"closed","ping_status":"closed","template":"","meta":{"_acf_changed":false,"inline_featured_image":false,"_sitemap_exclude":false,"_sitemap_priority":"","_sitemap_frequency":"","footnotes":""},"class_list":["post-10849","page","type-page","status-publish","hentry"],"acf":[],"_links":{"self":[{"href":"https:\/\/zermattholidays-pre-release.simpleitsolutions.ch\/fr\/wp-json\/wp\/v2\/pages\/10849","targetHints":{"allow":["GET"]}}],"collection":[{"href":"https:\/\/zermattholidays-pre-release.simpleitsolutions.ch\/fr\/wp-json\/wp\/v2\/pages"}],"about":[{"href":"https:\/\/zermattholidays-pre-release.simpleitsolutions.ch\/fr\/wp-json\/wp\/v2\/types\/page"}],"author":[{"embeddable":true,"href":"https:\/\/zermattholidays-pre-release.simpleitsolutions.ch\/fr\/wp-json\/wp\/v2\/users\/3"}],"replies":[{"embeddable":true,"href":"https:\/\/zermattholidays-pre-release.simpleitsolutions.ch\/fr\/wp-json\/wp\/v2\/comments?post=10849"}],"version-history":[{"count":3,"href":"https:\/\/zermattholidays-pre-release.simpleitsolutions.ch\/fr\/wp-json\/wp\/v2\/pages\/10849\/revisions"}],"predecessor-version":[{"id":12337,"href":"https:\/\/zermattholidays-pre-release.simpleitsolutions.ch\/fr\/wp-json\/wp\/v2\/pages\/10849\/revisions\/12337"}],"wp:attachment":[{"href":"https:\/\/zermattholidays-pre-release.simpleitsolutions.ch\/fr\/wp-json\/wp\/v2\/media?parent=10849"}],"curies":[{"name":"wp","href":"https:\/\/api.w.org\/{rel}","templated":true}]}}